{"id":6225,"date":"2023-05-29T20:19:34","date_gmt":"2023-05-29T20:19:34","guid":{"rendered":"http:\/\/lifutbolnorte.com\/?page_id=6225"},"modified":"2025-03-27T01:44:18","modified_gmt":"2025-03-27T01:44:18","slug":"la-liga","status":"publish","type":"page","link":"http:\/\/lifutbolnorte.com\/index.php\/la-liga\/","title":{"rendered":"La Liga"},"content":{"rendered":"\n<blockquote class=\"wp-block-quote is-layout-flow wp-block-quote-is-layout-flow\">\n<p class=\"has-text-align-center\"><em>El objeto de La Liga es fomentar, patrocinar y organizar la pr\u00e1ctica del deporte del f\u00fatbol y sus modalidades deportivas, dentro del \u00e1mbito del Departamento de NORTE DE SANTANDER e impulsar programas de inter\u00e9s p\u00fablico y social.<\/em><\/p>\n<\/blockquote>\n\n\n\n<figure class=\"wp-block-gallery has-nested-images columns-default is-cropped wp-block-gallery-1 is-layout-flex wp-block-gallery-is-layout-flex\">\n<figure class=\"wp-block-image size-full\"><img loading=\"lazy\" decoding=\"async\" width=\"960\" height=\"640\" data-id=\"14870\" src=\"http:\/\/lifutbolnorte.com\/wp-content\/uploads\/2025\/03\/468423740_551284414415989_5567800623819353498_n.jpg\" alt=\"\" class=\"wp-image-14870\" srcset=\"http:\/\/lifutbolnorte.com\/wp-content\/uploads\/2025\/03\/468423740_551284414415989_5567800623819353498_n.jpg 960w, http:\/\/lifutbolnorte.com\/wp-content\/uploads\/2025\/03\/468423740_551284414415989_5567800623819353498_n-300x200.jpg 300w, http:\/\/lifutbolnorte.com\/wp-content\/uploads\/2025\/03\/468423740_551284414415989_5567800623819353498_n-768x512.jpg 768w, http:\/\/lifutbolnorte.com\/wp-content\/uploads\/2025\/03\/468423740_551284414415989_5567800623819353498_n-600x400.jpg 600w\" sizes=\"auto, (max-width: 960px) 100vw, 960px\" \/><\/figure>\n\n\n\n<figure class=\"wp-block-image size-large\"><img loading=\"lazy\" decoding=\"async\" width=\"1024\" height=\"738\" data-id=\"5574\" src=\"http:\/\/lifutbolnorte.com\/wp-content\/uploads\/2023\/04\/IMG_0222-1024x738.jpg\" alt=\"\" class=\"wp-image-5574\" srcset=\"http:\/\/lifutbolnorte.com\/wp-content\/uploads\/2023\/04\/IMG_0222-1024x738.jpg 1024w, http:\/\/lifutbolnorte.com\/wp-content\/uploads\/2023\/04\/IMG_0222-300x216.jpg 300w, http:\/\/lifutbolnorte.com\/wp-content\/uploads\/2023\/04\/IMG_0222-768x554.jpg 768w, http:\/\/lifutbolnorte.com\/wp-content\/uploads\/2023\/04\/IMG_0222-1536x1107.jpg 1536w, http:\/\/lifutbolnorte.com\/wp-content\/uploads\/2023\/04\/IMG_0222-2048x1477.jpg 2048w\" sizes=\"auto, (max-width: 1024px) 100vw, 1024px\" \/><\/figure>\n\n\n\n<figure class=\"wp-block-image size-large\"><img loading=\"lazy\" decoding=\"async\" width=\"1024\" height=\"705\" data-id=\"5409\" src=\"http:\/\/lifutbolnorte.com\/wp-content\/uploads\/2023\/04\/307180356_109734808554500_3849243517066041182_n-1024x705.jpg\" alt=\"\" class=\"wp-image-5409\" srcset=\"http:\/\/lifutbolnorte.com\/wp-content\/uploads\/2023\/04\/307180356_109734808554500_3849243517066041182_n-1024x705.jpg 1024w, http:\/\/lifutbolnorte.com\/wp-content\/uploads\/2023\/04\/307180356_109734808554500_3849243517066041182_n-300x206.jpg 300w, http:\/\/lifutbolnorte.com\/wp-content\/uploads\/2023\/04\/307180356_109734808554500_3849243517066041182_n-768x528.jpg 768w, http:\/\/lifutbolnorte.com\/wp-content\/uploads\/2023\/04\/307180356_109734808554500_3849243517066041182_n-1536x1057.jpg 1536w, http:\/\/lifutbolnorte.com\/wp-content\/uploads\/2023\/04\/307180356_109734808554500_3849243517066041182_n-130x90.jpg 130w, http:\/\/lifutbolnorte.com\/wp-content\/uploads\/2023\/04\/307180356_109734808554500_3849243517066041182_n.jpg 2048w\" sizes=\"auto, (max-width: 1024px) 100vw, 1024px\" \/><\/figure>\n\n\n\n<figure class=\"wp-block-image size-large\"><img loading=\"lazy\" decoding=\"async\" width=\"1024\" height=\"805\" data-id=\"5044\" src=\"http:\/\/lifutbolnorte.com\/wp-content\/uploads\/2022\/11\/IMG_6540-1024x805.jpg\" alt=\"\" class=\"wp-image-5044\" srcset=\"http:\/\/lifutbolnorte.com\/wp-content\/uploads\/2022\/11\/IMG_6540-1024x805.jpg 1024w, http:\/\/lifutbolnorte.com\/wp-content\/uploads\/2022\/11\/IMG_6540-300x236.jpg 300w, http:\/\/lifutbolnorte.com\/wp-content\/uploads\/2022\/11\/IMG_6540-768x603.jpg 768w, http:\/\/lifutbolnorte.com\/wp-content\/uploads\/2022\/11\/IMG_6540-1536x1207.jpg 1536w, http:\/\/lifutbolnorte.com\/wp-content\/uploads\/2022\/11\/IMG_6540-2048x1609.jpg 2048w\" sizes=\"auto, (max-width: 1024px) 100vw, 1024px\" \/><\/figure>\n\n\n\n<figure class=\"wp-block-image size-large\"><img loading=\"lazy\" decoding=\"async\" width=\"1024\" height=\"698\" data-id=\"4853\" src=\"http:\/\/lifutbolnorte.com\/wp-content\/uploads\/2022\/11\/285722637_3263490103973220_4459941808926368451_n-1024x698.jpg\" alt=\"\" class=\"wp-image-4853\" srcset=\"http:\/\/lifutbolnorte.com\/wp-content\/uploads\/2022\/11\/285722637_3263490103973220_4459941808926368451_n-1024x698.jpg 1024w, http:\/\/lifutbolnorte.com\/wp-content\/uploads\/2022\/11\/285722637_3263490103973220_4459941808926368451_n-300x204.jpg 300w, http:\/\/lifutbolnorte.com\/wp-content\/uploads\/2022\/11\/285722637_3263490103973220_4459941808926368451_n-768x523.jpg 768w, http:\/\/lifutbolnorte.com\/wp-content\/uploads\/2022\/11\/285722637_3263490103973220_4459941808926368451_n-130x90.jpg 130w, http:\/\/lifutbolnorte.com\/wp-content\/uploads\/2022\/11\/285722637_3263490103973220_4459941808926368451_n.jpg 1280w\" sizes=\"auto, (max-width: 1024px) 100vw, 1024px\" \/><\/figure>\n\n\n\n<figure class=\"wp-block-image size-large\"><img loading=\"lazy\" decoding=\"async\" width=\"1024\" height=\"683\" data-id=\"14871\" src=\"http:\/\/lifutbolnorte.com\/wp-content\/uploads\/2025\/03\/468332342_551271531083944_2634275897820821956_n-1024x683.jpg\" alt=\"\" class=\"wp-image-14871\" srcset=\"http:\/\/lifutbolnorte.com\/wp-content\/uploads\/2025\/03\/468332342_551271531083944_2634275897820821956_n-1024x683.jpg 1024w, http:\/\/lifutbolnorte.com\/wp-content\/uploads\/2025\/03\/468332342_551271531083944_2634275897820821956_n-300x200.jpg 300w, http:\/\/lifutbolnorte.com\/wp-content\/uploads\/2025\/03\/468332342_551271531083944_2634275897820821956_n-768x512.jpg 768w, http:\/\/lifutbolnorte.com\/wp-content\/uploads\/2025\/03\/468332342_551271531083944_2634275897820821956_n-1536x1024.jpg 1536w, http:\/\/lifutbolnorte.com\/wp-content\/uploads\/2025\/03\/468332342_551271531083944_2634275897820821956_n-600x400.jpg 600w, http:\/\/lifutbolnorte.com\/wp-content\/uploads\/2025\/03\/468332342_551271531083944_2634275897820821956_n.jpg 2048w\" sizes=\"auto, (max-width: 1024px) 100vw, 1024px\" \/><\/figure>\n<\/figure>\n\n\n\n<div class=\"wp-block-media-text alignwide is-stacked-on-mobile\" style=\"grid-template-columns:35% auto\"><figure class=\"wp-block-media-text__media\"><img loading=\"lazy\" decoding=\"async\" width=\"1024\" height=\"681\" src=\"http:\/\/lifutbolnorte.com\/wp-content\/uploads\/2025\/03\/484081686_18072187921836370_9092040722841222267_n-1024x681.jpg\" alt=\"\" class=\"wp-image-14869 size-full\" srcset=\"http:\/\/lifutbolnorte.com\/wp-content\/uploads\/2025\/03\/484081686_18072187921836370_9092040722841222267_n-1024x681.jpg 1024w, http:\/\/lifutbolnorte.com\/wp-content\/uploads\/2025\/03\/484081686_18072187921836370_9092040722841222267_n-300x200.jpg 300w, http:\/\/lifutbolnorte.com\/wp-content\/uploads\/2025\/03\/484081686_18072187921836370_9092040722841222267_n-768x511.jpg 768w, http:\/\/lifutbolnorte.com\/wp-content\/uploads\/2025\/03\/484081686_18072187921836370_9092040722841222267_n-600x400.jpg 600w, http:\/\/lifutbolnorte.com\/wp-content\/uploads\/2025\/03\/484081686_18072187921836370_9092040722841222267_n.jpg 1440w\" sizes=\"auto, (max-width: 1024px) 100vw, 1024px\" \/><\/figure><div class=\"wp-block-media-text__content\">\n<p class=\"has-text-align-center\"><strong>MISI\u00d3N<\/strong><br>&nbsp;Somos una entidad privada encargada de administrar, promover y desarrollar el f\u00fatbol aficionado en el departamento de Norte de Santander, en las modalidades de f\u00fatbol, f\u00fatbol sala y f\u00fatbol playa, a trav\u00e9s de la organizaci\u00f3n y participaci\u00f3n en competencias de alto rendimiento.&nbsp;<\/p>\n<\/div><\/div>\n\n\n\n<div class=\"wp-block-media-text alignwide has-media-on-the-right is-stacked-on-mobile is-vertically-aligned-center\" style=\"grid-template-columns:auto 36%\"><div class=\"wp-block-media-text__content\">\n<p class=\"has-text-align-center\"><strong>VISI\u00d3N<\/strong><br><br>Ser una entidad l\u00edder a nivel nacional en procesos de formaci\u00f3n de deportistas de alto rendimiento, adem\u00e1s en la prestaci\u00f3n de servicios al f\u00fatbol aficionado en el departamento de Norte de Santander logrando un alto impacto social.<\/p>\n<\/div><figure class=\"wp-block-media-text__media\"><img loading=\"lazy\" decoding=\"async\" width=\"1024\" height=\"683\" src=\"http:\/\/lifutbolnorte.com\/wp-content\/uploads\/2025\/03\/468857252_556175003926930_510952885944198220_n-1-1024x683.jpg\" alt=\"\" class=\"wp-image-14868 size-full\" srcset=\"http:\/\/lifutbolnorte.com\/wp-content\/uploads\/2025\/03\/468857252_556175003926930_510952885944198220_n-1-1024x683.jpg 1024w, http:\/\/lifutbolnorte.com\/wp-content\/uploads\/2025\/03\/468857252_556175003926930_510952885944198220_n-1-300x200.jpg 300w, http:\/\/lifutbolnorte.com\/wp-content\/uploads\/2025\/03\/468857252_556175003926930_510952885944198220_n-1-768x512.jpg 768w, http:\/\/lifutbolnorte.com\/wp-content\/uploads\/2025\/03\/468857252_556175003926930_510952885944198220_n-1-1536x1024.jpg 1536w, http:\/\/lifutbolnorte.com\/wp-content\/uploads\/2025\/03\/468857252_556175003926930_510952885944198220_n-1-600x400.jpg 600w, http:\/\/lifutbolnorte.com\/wp-content\/uploads\/2025\/03\/468857252_556175003926930_510952885944198220_n-1.jpg 2048w\" sizes=\"auto, (max-width: 1024px) 100vw, 1024px\" \/><\/figure><\/div>\n","protected":false},"excerpt":{"rendered":"<p>El objeto de La Liga es fomentar, patrocinar y organizar la pr\u00e1ctica del deporte del f\u00fatbol y sus modalidades deportivas, dentro del \u00e1mbito del Departamento de NORTE DE SANTANDER e impulsar programas de inter\u00e9s p\u00fablico y social. MISI\u00d3N&nbsp;Somos una entidad privada encargada de administrar, promover y desarrollar el f\u00fatbol aficionado en el departamento de Norte&#8230;<\/p>\n","protected":false},"author":1,"featured_media":0,"parent":0,"menu_order":0,"comment_status":"closed","ping_status":"closed","template":"","meta":{"om_disable_all_campaigns":false,"_mi_skip_tracking":false,"_monsterinsights_sitenote_active":false,"_monsterinsights_sitenote_note":"","_monsterinsights_sitenote_category":0,"footnotes":""},"class_list":["post-6225","page","type-page","status-publish","hentry"],"aioseo_notices":[],"_links":{"self":[{"href":"http:\/\/lifutbolnorte.com\/index.php\/wp-json\/wp\/v2\/pages\/6225","targetHints":{"allow":["GET"]}}],"collection":[{"href":"http:\/\/lifutbolnorte.com\/index.php\/wp-json\/wp\/v2\/pages"}],"about":[{"href":"http:\/\/lifutbolnorte.com\/index.php\/wp-json\/wp\/v2\/types\/page"}],"author":[{"embeddable":true,"href":"http:\/\/lifutbolnorte.com\/index.php\/wp-json\/wp\/v2\/users\/1"}],"replies":[{"embeddable":true,"href":"http:\/\/lifutbolnorte.com\/index.php\/wp-json\/wp\/v2\/comments?post=6225"}],"version-history":[{"count":12,"href":"http:\/\/lifutbolnorte.com\/index.php\/wp-json\/wp\/v2\/pages\/6225\/revisions"}],"predecessor-version":[{"id":14872,"href":"http:\/\/lifutbolnorte.com\/index.php\/wp-json\/wp\/v2\/pages\/6225\/revisions\/14872"}],"wp:attachment":[{"href":"http:\/\/lifutbolnorte.com\/index.php\/wp-json\/wp\/v2\/media?parent=6225"}],"curies":[{"name":"wp","href":"https:\/\/api.w.org\/{rel}","templated":true}]}}